{"id":3006,"date":"2018-12-05T05:13:14","date_gmt":"2018-12-05T05:13:14","guid":{"rendered":"https:\/\/www.canatal.net\/unauthorized\/"},"modified":"2018-12-05T05:13:14","modified_gmt":"2018-12-05T05:13:14","slug":"unauthorized","status":"publish","type":"page","link":"https:\/\/www.canatal.net\/fr\/unauthorized\/","title":{"rendered":"Unauthorized"},"content":{"rendered":"<section id=\"b-3007\" class=\"b b-text\" data-watch data-preload>\n\t<div class=\"container\">\n\t\t<div class=\"b-text-content wysiwyg\">\n\t\t\t<h1>Acc\u00e8s refus\u00e9<\/h1>\n<p>Vous n&#8217;avez pas la permission d&#8217;acc\u00e9der \u00e0 cette page.<\/p>\n\n\t\t<\/div>\n\t<\/div>\n<\/section>","protected":false},"excerpt":{"rendered":"<p>Acc\u00e8s refus\u00e9 Vous n&#8217;avez pas la permission d&#8217;acc\u00e9der \u00e0 cette page.<\/p>\n","protected":false},"author":1,"featured_media":0,"parent":0,"menu_order":0,"comment_status":"closed","ping_status":"closed","template":"","meta":{"_acf_changed":false,"footnotes":""},"class_list":["post-3006","page","type-page","status-publish","hentry"],"acf":[],"_links":{"self":[{"href":"https:\/\/www.canatal.net\/fr\/wp-json\/wp\/v2\/pages\/3006","targetHints":{"allow":["GET"]}}],"collection":[{"href":"https:\/\/www.canatal.net\/fr\/wp-json\/wp\/v2\/pages"}],"about":[{"href":"https:\/\/www.canatal.net\/fr\/wp-json\/wp\/v2\/types\/page"}],"author":[{"embeddable":true,"href":"https:\/\/www.canatal.net\/fr\/wp-json\/wp\/v2\/users\/1"}],"replies":[{"embeddable":true,"href":"https:\/\/www.canatal.net\/fr\/wp-json\/wp\/v2\/comments?post=3006"}],"version-history":[{"count":0,"href":"https:\/\/www.canatal.net\/fr\/wp-json\/wp\/v2\/pages\/3006\/revisions"}],"wp:attachment":[{"href":"https:\/\/www.canatal.net\/fr\/wp-json\/wp\/v2\/media?parent=3006"}],"curies":[{"name":"wp","href":"https:\/\/api.w.org\/{rel}","templated":true}]}}